{"id":17403,"date":"2022-03-15T14:08:31","date_gmt":"2022-03-15T14:08:31","guid":{"rendered":"https:\/\/nerobold.com\/iubenda-partner\/"},"modified":"2023-03-03T13:33:49","modified_gmt":"2023-03-03T13:33:49","slug":"iubenda-partner","status":"publish","type":"page","link":"https:\/\/nerobold.com\/en\/iubenda-partner\/","title":{"rendered":"iubenda partner"},"content":{"rendered":"\t\t<div data-elementor-type=\"wp-page\" data-elementor-id=\"17403\" class=\"elementor elementor-17403 elementor-12132\" data-elementor-settings=\"{&quot;ha_cmc_init_switcher&quot;:&quot;no&quot;}\" data-elementor-post-type=\"page\">\n\t\t\t\t\t\t<section class=\"elementor-section elementor-top-section elementor-element elementor-element-6472278e elementor-section-boxed elementor-section-height-default elementor-section-height-default\" data-id=\"6472278e\" data-element_type=\"section\" data-e-type=\"section\" data-settings=\"{&quot;_ob_glider_is_slider&quot;:&quot;no&quot;,&quot;_ha_eqh_enable&quot;:false}\">\n\t\t\t\t\t\t<div class=\"elementor-container elementor-column-gap-default\">\n\t\t\t\t\t<div class=\"elementor-column elementor-col-100 elementor-top-column elementor-element elementor-element-84c7395\" data-id=\"84c7395\" data-element_type=\"column\" data-e-type=\"column\" data-settings=\"{&quot;_ob_column_hoveranimator&quot;:&quot;no&quot;,&quot;_ob_column_has_pseudo&quot;:&quot;no&quot;}\">\n\t\t\t<div class=\"elementor-widget-wrap elementor-element-populated\">\n\t\t\t\t\t\t<div class=\"elementor-element elementor-element-377a65c5 ob-harakiri-inherit ob-has-background-overlay elementor-widget elementor-widget-text-editor\" data-id=\"377a65c5\" data-element_type=\"widget\" data-e-type=\"widget\" data-settings=\"{&quot;_ob_use_harakiri&quot;:&quot;yes&quot;,&quot;_ob_harakiri_writing_mode&quot;:&quot;inherit&quot;,&quot;_ob_postman_use&quot;:&quot;no&quot;,&quot;_ob_widget_stalker_use&quot;:&quot;no&quot;,&quot;_ob_poopart_use&quot;:&quot;yes&quot;,&quot;_ob_shadough_use&quot;:&quot;no&quot;,&quot;_ob_allow_hoveranimator&quot;:&quot;no&quot;}\" data-widget_type=\"text-editor.default\">\n\t\t\t\t<div class=\"elementor-widget-container\">\n\t\t\t\t\t\t\t\t\t<h1><\/h1>\n<h1>Scopri come possiamo aiutarti ad adeguare il tuo sito o app alle normative<\/h1>\nSiti web ed app devono sempre rispettare alcuni obblighi imposti dalla legge. Il mancato rispetto delle norme, infatti, comporta il rischio di ingenti sanzioni.\n\nPer questo <b>abbiamo scelto di affidarci a iubenda<\/b>, azienda composta da figure sia legali che tecniche, specializzata in questo settore. Insieme a iubenda, di cui siamo Partner Certificati, abbiamo elaborato una proposta per offrire a tutti i nostri clienti una soluzione semplice e sicura alla necessit\u00e0 di adeguamento legale.\n<h2>I principali requisiti di legge per i proprietari di siti web e app<\/h2>\n<h3>Privacy e Cookie Policy<\/h3>\nLa legge obbliga ogni sito\/app che raccoglie dati ad <b>informare gli utenti attraverso una privacy e cookie policy<\/b>.\n\nLa privacy policy deve contenere alcuni elementi fondamentali, tra cui:\n<ul>\n \t<li>le tipologie di dati personali trattati;<\/li>\n \t<li>le basi giuridiche del trattamento;<\/li>\n \t<li>le finalit\u00e0 e le modalit\u00e0 del trattamento;<\/li>\n \t<li>i soggetti ai quali i dati personali possono essere comunicati;<\/li>\n \t<li>l\u2019eventuale trasferimento dei dati al di fuori dell\u2019Unione Europea;<\/li>\n \t<li>i diritti dell\u2019interessato;<\/li>\n \t<li>gli estremi identificativi del titolare.<\/li>\n<\/ul>\nLa cookie policy descrive in particolare le diverse tipologie di cookie installati attraverso il sito, le eventuali terze parti cui questi cookie fanno riferimento \u2013 incluso un link ai rispettivi documenti e moduli di opt-out \u2013 e le finalit\u00e0 del trattamento.\n\n<i>Non possiamo usare un documento generico?<\/i>\nNon \u00e8 possibile utilizzare documenti generici in quanto l\u2019informativa deve descrivere in dettaglio il trattamento dati effettuato dal proprio sito\/app, elencando anche tutte le tecnologie di terza parte utilizzate (es. pulsanti Like di facebook o mappe di Google Maps).\n\n<i>E se il mio sito non tratta alcun dato?<\/i>\n\u00c8 molto difficile che il tuo sito non tratti alcun dato. Bastano infatti un semplice modulo di contatto o un sistema di analisi del traffico come Google Analytics per far scattare l\u2019obbligo di predisporre e mostrare un\u2019informativa.\n<h3>Cookie Law<\/h3>\nOltre a predisporre una cookie policy, <b>per adeguare un sito web alla cookie law \u00e8 necessario mostrare anche un cookie banner alla prima visita di ogni utente e acquisire il consenso all\u2019installazione dei cookie<\/b>. Alcuni tipi di cookie, come quelli rilasciati da strumenti quali i pulsanti di condivisione sui social, vanno infatti rilasciati solo dopo aver ottenuto un valido consenso da parte dell\u2019utente.\n\n<i>Cos\u2019\u00e8 un cookie?<\/i>\nI cookie servono a memorizzare alcune informazioni sul browser dell\u2019utente durante la sua navigazione sul sito. I cookie sono ormai indispensabili per consentire il corretto funzionamento di un sito. In pi\u00f9, molte tecnologie di terza parte che siamo soliti integrare nei nostri siti, come anche un semplice widget video di YouTube, si avvalgono a loro volta di cookie.\n<h3>Consenso ai sensi del GDPR e della LGPD<\/h3>\nAi sensi del GDPR, se l\u2019utente ha la possibilit\u00e0 di immettere direttamente dati personali sul sito\/app, ad esempio compilando un form di contatto, di registrazione al servizio o di iscrizione alla newsletter, \u00e8 necessario <b>raccogliere un consenso libero, specifico ed informato<\/b>, nonch\u00e9 registrare una <b>prova inequivocabile del consenso<\/b>.\n\nAnalogamente al GDPR, anche per la LGPD brasiliana il titolare del trattamento deve dimostrare, attraverso l\u2019archiviazione di una prova, di aver raccolto correttamente il consenso dell\u2019utente.\n\n<i>Cosa si intende per consenso libero, specifico ed informato?<\/i>\n\u00c8 necessario raccogliere un consenso per ogni specifica finalit\u00e0 di trattamento \u2013 ad esempio, un consenso per inviare newsletter e un altro consenso per inviare materiale promozionale per conto di terzi. I consensi possono essere richiesti predisponendo una o pi\u00f9 checkbox non pre-selezionate, non obbligatorie ed accompagnate da dei testi informativi che facciano capire chiaramente all\u2019utente come saranno utilizzati i suoi dati.\n\n<i>Come \u00e8 possibile dimostrare il consenso in modo inequivocabile?<\/i>\n\u00c8 necessario raccogliere una serie di informazioni ogniqualvolta un utente compila un modulo presente sul proprio sito\/app. Tali informazioni includono un codice identificativo univoco dell\u2019utente, il contenuto della privacy policy accettata e una copia del modulo presentato all\u2019utente.\n\n<i>La email che ricevo dall\u2019utente a seguito della compilazione del modulo non \u00e8 una prova sufficiente del consenso?<\/i>\nPurtroppo non \u00e8 sufficiente, in quanto mancano alcune informazioni necessarie a ricostruire l\u2019idoneit\u00e0 della procedura di raccolta del consenso, come la copia del modulo effettivamente compilato dall\u2019utente.\n\n<i>Devo adeguarmi alla LGPD anche se la mia organizzazione non ha sede in Brasile?<\/i>\nRientri nell\u2019ambito di applicazione della LGPD se tratti dati di persone che si trovano all\u2019interno del territorio brasiliano, indipendentemente dalla nazionalit\u00e0 (anche se queste si trovavano in Brasile solo al momento della raccolta dei dati, e da allora si sono spostate).\n<h3>CCPA<\/h3>\nIl CCPA (California Consumer Privacy Act) impone che agli utenti californiani venga data informazione del come e del perch\u00e9 i loro dati vengono utilizzati, i loro diritti in merito e come possono esercitarli, incluso il diritto di esercitare l\u2019opt-out. Se ricadi nell\u2019ambito di applicazione del CCPA, dovrai fornire queste informazioni sia nella tua privacy policy che in un avviso di raccolta dati mostrato alla prima visita dell\u2019utente (dove necessario).\n\nPer facilitare le richieste di opt-out da parte degli utenti californiani, \u00e8 necessario inserire un link \u201cDo Not Sell My Personal Information\u201d(DNSMPI) sia all\u2019interno dell\u2019avviso di raccolta dati mostrato alla prima visita dell\u2019utente, che in un altro punto del sito facilmente accessibile dall\u2019utente (una best practice \u00e8 quella di includere il link nel footer del sito).\n\n<i>La mia organizzazione non ha sede in California, devo comunque adeguarmi al CCPA?<\/i>\nIl CCPA pu\u00f2 applicarsi a qualunque organizzazione che tratta o che potrebbe potenzialmente trattare informazioni personali di utenti californiani, indipendentemente dal fatto che l\u2019organizzazione si trovi o meno in California. Poich\u00e9 gli indirizzi IP sono considerati informazioni personali, \u00e8 probabile che qualsiasi sito web che riceva almeno 50 mila visite uniche all\u2019anno dalla California rientri nell\u2019ambito di applicazione del CCPA.\n<h3>Termini e Condizioni<\/h3>\nIn alcuni casi pu\u00f2 essere opportuno proteggere la propria attivit\u00e0 online da eventuali responsabilit\u00e0 predisponendo un documento di Termini e Condizioni. I Termini e Condizioni di solito prevedono clausole relative all\u2019uso dei contenuti (copyright), limitazione di responsabilit\u00e0, condizioni di vendita, permettono di elencare le condizioni obbligatorie previste dalla disciplina sulla tutela del consumatore e molto altro.\n\nI Termini e Condizioni dovrebbero includere quantomeno queste informazioni:\n<ul>\n \t<li>i dati identificativi dell\u2019attivit\u00e0;<\/li>\n \t<li>una descrizione del servizio offerto dal sito\/app;<\/li>\n \t<li>le informazioni su allocazione dei rischi, responsabilit\u00e0 e liberatorie;<\/li>\n \t<li>garanzie (se applicabile);<\/li>\n \t<li>diritto di recesso (se applicabile);<\/li>\n \t<li>informazioni sulla sicurezza;<\/li>\n \t<li>diritti d\u2019uso (se applicabile);<\/li>\n \t<li>condizioni d\u2019uso o di acquisto (come requisiti di et\u00e0 o restrizioni legate al paese);<\/li>\n \t<li>politiche di rimborso\/sostituzione\/sospensione del servizio;<\/li>\n \t<li>informazioni sui metodi di pagamento.<\/li>\n<\/ul>\n<i>Quando \u00e8 obbligatorio predisporre un documento di Termini e Condizioni?<\/i>\nI Termini e Condizioni possono rendersi utili in qualunque scenario, dall\u2019e-commerce al marketplace, dal SaaS all\u2019app mobile e al blog. Nel caso dell\u2019e-commerce, non solo \u00e8 consigliabile, ma \u00e8 spesso obbligatorio predisporre questo documento.\n\n<i>Posso copiare e utilizzare un documento di Termini e Condizioni da un altro sito?<\/i>\nIl documento di Termini e Condizioni \u00e8 essenzialmente un accordo giuridicamente vincolante, e pertanto non solo \u00e8 importante averne uno, ma \u00e8 anche necessario assicurarsi che sia conforme ai requisiti di legge, che descriva correttamente i tuoi processi aziendali ed il tuo modello di business, e che rimanga aggiornato rispetto alle normative di riferimento. Copiare i Termini e Condizioni da altri siti \u00e8 molto rischioso in quanto potrebbe rendere il documento nullo o non valido.\n<h2>Come possiamo aiutarti con le soluzioni di iubenda<\/h2>\nGrazie alla nostra partnership con iubenda, possiamo aiutarti a configurare tutto quanto necessario per mettere a norma il tuo sito\/app. iubenda \u00e8 infatti<b> la soluzione pi\u00f9 semplice, completa e professionale per adeguarsi alle normative<\/b>.\n<h3>Generatore di Privacy e Cookie Policy<\/h3>\nCon il Generatore di Privacy e Cookie Policy di iubenda possiamo predisporre per te un\u2019informativa personalizzata per il tuo sito web o app. Le policy di iubenda vengono generate attingendo da un database di clausole redatte e continuamente revisionate da un team internazionale di avvocati.\n<h3>Cookie Solution<\/h3>\nLa Cookie Solution di iubenda \u00e8 un sistema completo per adeguarsi alla Cookie Law attraverso la visualizzazione di un cookie banner alla prima visita di ogni utente, la predisposizione di un sistema di blocco preventivo dei cookie di profilazione e la raccolta di un valido consenso all\u2019installazione dei cookie da parte dell\u2019utente. La Cookie Solution permette inoltre di adeguarsi al CCPA, mostrando agli utenti californiani un avviso di raccolta dati contenente un link \u201cNon vendere le mie informazioni personali\u201d e facilitando le richieste di opt-out.\n<h3>Consent Solution<\/h3>\nLa Consent Solution di iubenda permette la raccolta e l\u2019archiviazione di una prova inequivocabile del consenso ai sensi del GDPR e della LGPD brasiliana ogniqualvolta un utente compila un modulo \u2013 come un form di contatto o di iscrizione alla newsletter \u2013 presente sul tuo sito web o app, e di documentare le richieste di opt-out degli utenti californiani in conformit\u00e0 con il CCPA.\n<h3>Generatore di Termini e Condizioni<\/h3>\nCon il Generatore di Termini e Condizioni di iubenda possiamo predisporre per te un documento di Termini e Condizioni personalizzato per il tuo sito web o app. I Termini e Condizioni di iubenda vengono generati attingendo da un database di clausole redatte e continuamente revisionate da un team internazionale di avvocati.\n\n<a href=\"https:\/\/nerobold.com\/contatti\/\"><b>Contattaci per ricevere una proposta personalizzata \u2192<\/b><\/a>    \t\t\t\t\t\t\t\t\t<\/div>\n\t\t\t\t<\/div>\n\t\t\t\t\t<\/div>\n\t\t<\/div>\n\t\t\t\t\t<\/div>\n\t\t<\/section>\n\t\t\t\t<\/div>\n\t\t","protected":false},"excerpt":{"rendered":"<p>Scopri come possiamo aiutarti ad adeguare il tuo sito o app alle normative Siti web ed app devono sempre rispettare alcuni obblighi imposti dalla legge. Il mancato rispetto delle norme, infatti, comporta il rischio di ingenti sanzioni. Per questo abbiamo scelto di affidarci a iubenda, azienda composta da figure sia legali che tecniche, specializzata in [&hellip;]<\/p>\n","protected":false},"author":1,"featured_media":0,"parent":0,"menu_order":15,"comment_status":"closed","ping_status":"closed","template":"","meta":{"_acf_changed":false,"footnotes":""},"class_list":["post-17403","page","type-page","status-publish","hentry"],"acf":[],"yoast_head":"<!-- This site is optimized with the Yoast SEO plugin v27.3 - https:\/\/yoast.com\/product\/yoast-seo-wordpress\/ -->\n<title>iubenda partner | Nerobold<\/title>\n<meta name=\"description\" content=\"iubenda partner. Digital marketing e creativit\u00e0. A Nerobold siamo smart, not big.\" \/>\n<meta name=\"robots\" content=\"index, follow, max-snippet:-1, max-image-preview:large, max-video-preview:-1\" \/>\n<link rel=\"canonical\" href=\"https:\/\/nerobold.com\/en\/iubenda-partner\/\" \/>\n<meta property=\"og:locale\" content=\"en_US\" \/>\n<meta property=\"og:type\" content=\"article\" \/>\n<meta property=\"og:title\" content=\"iubenda partner | Nerobold\" \/>\n<meta property=\"og:description\" content=\"iubenda partner. Digital marketing e creativit\u00e0. A Nerobold siamo smart, not big.\" \/>\n<meta property=\"og:url\" content=\"https:\/\/nerobold.com\/en\/iubenda-partner\/\" \/>\n<meta property=\"og:site_name\" content=\"NeroBold Srl\" \/>\n<meta property=\"article:modified_time\" content=\"2023-03-03T13:33:49+00:00\" \/>\n<meta name=\"twitter:card\" content=\"summary_large_image\" \/>\n<meta name=\"twitter:label1\" content=\"Est. reading time\" \/>\n\t<meta name=\"twitter:data1\" content=\"7 minutes\" \/>\n<script type=\"application\/ld+json\" class=\"yoast-schema-graph\">{\"@context\":\"https:\\\/\\\/schema.org\",\"@graph\":[{\"@type\":\"WebPage\",\"@id\":\"https:\\\/\\\/nerobold.com\\\/en\\\/iubenda-partner\\\/\",\"url\":\"https:\\\/\\\/nerobold.com\\\/en\\\/iubenda-partner\\\/\",\"name\":\"iubenda partner | Nerobold\",\"isPartOf\":{\"@id\":\"https:\\\/\\\/nerobold.com\\\/#website\"},\"datePublished\":\"2022-03-15T14:08:31+00:00\",\"dateModified\":\"2023-03-03T13:33:49+00:00\",\"description\":\"iubenda partner. Digital marketing e creativit\u00e0. A Nerobold siamo smart, not big.\",\"breadcrumb\":{\"@id\":\"https:\\\/\\\/nerobold.com\\\/en\\\/iubenda-partner\\\/#breadcrumb\"},\"inLanguage\":\"en-US\",\"potentialAction\":[{\"@type\":\"ReadAction\",\"target\":[\"https:\\\/\\\/nerobold.com\\\/en\\\/iubenda-partner\\\/\"]}]},{\"@type\":\"BreadcrumbList\",\"@id\":\"https:\\\/\\\/nerobold.com\\\/en\\\/iubenda-partner\\\/#breadcrumb\",\"itemListElement\":[{\"@type\":\"ListItem\",\"position\":1,\"name\":\"Home\",\"item\":\"https:\\\/\\\/nerobold.com\\\/en\\\/\"},{\"@type\":\"ListItem\",\"position\":2,\"name\":\"iubenda partner\"}]},{\"@type\":\"WebSite\",\"@id\":\"https:\\\/\\\/nerobold.com\\\/#website\",\"url\":\"https:\\\/\\\/nerobold.com\\\/\",\"name\":\"NeroBold Srl\",\"description\":\"Studio Comunicazione e Grafico\",\"publisher\":{\"@id\":\"https:\\\/\\\/nerobold.com\\\/#organization\"},\"potentialAction\":[{\"@type\":\"SearchAction\",\"target\":{\"@type\":\"EntryPoint\",\"urlTemplate\":\"https:\\\/\\\/nerobold.com\\\/?s={search_term_string}\"},\"query-input\":{\"@type\":\"PropertyValueSpecification\",\"valueRequired\":true,\"valueName\":\"search_term_string\"}}],\"inLanguage\":\"en-US\"},{\"@type\":\"Organization\",\"@id\":\"https:\\\/\\\/nerobold.com\\\/#organization\",\"name\":\"NeroBold Srl\",\"url\":\"https:\\\/\\\/nerobold.com\\\/\",\"logo\":{\"@type\":\"ImageObject\",\"inLanguage\":\"en-US\",\"@id\":\"https:\\\/\\\/nerobold.com\\\/#\\\/schema\\\/logo\\\/image\\\/\",\"url\":\"https:\\\/\\\/nerobold.com\\\/wp-content\\\/uploads\\\/2022\\\/03\\\/logo-nerobold-2022.svg\",\"contentUrl\":\"https:\\\/\\\/nerobold.com\\\/wp-content\\\/uploads\\\/2022\\\/03\\\/logo-nerobold-2022.svg\",\"width\":221,\"height\":32,\"caption\":\"NeroBold Srl\"},\"image\":{\"@id\":\"https:\\\/\\\/nerobold.com\\\/#\\\/schema\\\/logo\\\/image\\\/\"}}]}<\/script>\n<!-- \/ Yoast SEO plugin. -->","yoast_head_json":{"title":"iubenda partner | Nerobold","description":"iubenda partner. Digital marketing e creativit\u00e0. A Nerobold siamo smart, not big.","robots":{"index":"index","follow":"follow","max-snippet":"max-snippet:-1","max-image-preview":"max-image-preview:large","max-video-preview":"max-video-preview:-1"},"canonical":"https:\/\/nerobold.com\/en\/iubenda-partner\/","og_locale":"en_US","og_type":"article","og_title":"iubenda partner | Nerobold","og_description":"iubenda partner. Digital marketing e creativit\u00e0. A Nerobold siamo smart, not big.","og_url":"https:\/\/nerobold.com\/en\/iubenda-partner\/","og_site_name":"NeroBold Srl","article_modified_time":"2023-03-03T13:33:49+00:00","twitter_card":"summary_large_image","twitter_misc":{"Est. reading time":"7 minutes"},"schema":{"@context":"https:\/\/schema.org","@graph":[{"@type":"WebPage","@id":"https:\/\/nerobold.com\/en\/iubenda-partner\/","url":"https:\/\/nerobold.com\/en\/iubenda-partner\/","name":"iubenda partner | Nerobold","isPartOf":{"@id":"https:\/\/nerobold.com\/#website"},"datePublished":"2022-03-15T14:08:31+00:00","dateModified":"2023-03-03T13:33:49+00:00","description":"iubenda partner. Digital marketing e creativit\u00e0. A Nerobold siamo smart, not big.","breadcrumb":{"@id":"https:\/\/nerobold.com\/en\/iubenda-partner\/#breadcrumb"},"inLanguage":"en-US","potentialAction":[{"@type":"ReadAction","target":["https:\/\/nerobold.com\/en\/iubenda-partner\/"]}]},{"@type":"BreadcrumbList","@id":"https:\/\/nerobold.com\/en\/iubenda-partner\/#breadcrumb","itemListElement":[{"@type":"ListItem","position":1,"name":"Home","item":"https:\/\/nerobold.com\/en\/"},{"@type":"ListItem","position":2,"name":"iubenda partner"}]},{"@type":"WebSite","@id":"https:\/\/nerobold.com\/#website","url":"https:\/\/nerobold.com\/","name":"NeroBold Srl","description":"Studio Comunicazione e Grafico","publisher":{"@id":"https:\/\/nerobold.com\/#organization"},"potentialAction":[{"@type":"SearchAction","target":{"@type":"EntryPoint","urlTemplate":"https:\/\/nerobold.com\/?s={search_term_string}"},"query-input":{"@type":"PropertyValueSpecification","valueRequired":true,"valueName":"search_term_string"}}],"inLanguage":"en-US"},{"@type":"Organization","@id":"https:\/\/nerobold.com\/#organization","name":"NeroBold Srl","url":"https:\/\/nerobold.com\/","logo":{"@type":"ImageObject","inLanguage":"en-US","@id":"https:\/\/nerobold.com\/#\/schema\/logo\/image\/","url":"https:\/\/nerobold.com\/wp-content\/uploads\/2022\/03\/logo-nerobold-2022.svg","contentUrl":"https:\/\/nerobold.com\/wp-content\/uploads\/2022\/03\/logo-nerobold-2022.svg","width":221,"height":32,"caption":"NeroBold Srl"},"image":{"@id":"https:\/\/nerobold.com\/#\/schema\/logo\/image\/"}}]}},"_links":{"self":[{"href":"https:\/\/nerobold.com\/en\/wp-json\/wp\/v2\/pages\/17403","targetHints":{"allow":["GET"]}}],"collection":[{"href":"https:\/\/nerobold.com\/en\/wp-json\/wp\/v2\/pages"}],"about":[{"href":"https:\/\/nerobold.com\/en\/wp-json\/wp\/v2\/types\/page"}],"author":[{"embeddable":true,"href":"https:\/\/nerobold.com\/en\/wp-json\/wp\/v2\/users\/1"}],"replies":[{"embeddable":true,"href":"https:\/\/nerobold.com\/en\/wp-json\/wp\/v2\/comments?post=17403"}],"version-history":[{"count":0,"href":"https:\/\/nerobold.com\/en\/wp-json\/wp\/v2\/pages\/17403\/revisions"}],"wp:attachment":[{"href":"https:\/\/nerobold.com\/en\/wp-json\/wp\/v2\/media?parent=17403"}],"curies":[{"name":"wp","href":"https:\/\/api.w.org\/{rel}","templated":true}]}}